{"id":1037,"date":"2020-05-20T18:48:04","date_gmt":"2020-05-20T16:48:04","guid":{"rendered":"http:\/\/www.arbserveiseducatius.com\/nuevaweb\/?page_id=1037\/"},"modified":"2020-06-04T18:51:43","modified_gmt":"2020-06-04T16:51:43","slug":"refuerzo-escolar","status":"publish","type":"page","link":"https:\/\/arbserveiseducatius.com\/es\/refuerzo-escolar\/","title":{"rendered":"Refuerzo escolar"},"content":{"rendered":"<div id='av_section_1' class='avia-section main_color avia-section-no-padding avia-no-border-styling avia-full-stretch av-section-color-overlay-active avia-bg-style-scroll  avia-builder-el-0  el_before_av_one_full  avia-builder-el-first   av-minimum-height av-minimum-height-25 container_wrap fullsize' style='background-repeat: no-repeat; background-image: url(https:\/\/arbserveiseducatius.com\/wp-content\/uploads\/2020\/05\/class2-1.jpg);background-attachment: scroll; background-position: center center;  '  data-section-bg-repeat='stretch'><div class='av-section-color-overlay-wrap'><div class='av-section-color-overlay' style='opacity: 0.6; background-color: #084a79; '><\/div><div class='container' ><main  role=\"main\" itemprop=\"mainContentOfPage\"  class='template-page content  av-content-full alpha units'><div class='post-entry post-entry-type-page post-entry-1037'><div class='entry-content-wrapper clearfix'>\n<div class=\"flex_column av_one_full  av-animated-generic left-to-right  flex_column_div av-zero-column-padding first  avia-builder-el-1  avia-builder-el-no-sibling  \" style='margin-top:0px; margin-bottom:0px; border-radius:0px; '><div style='padding-bottom:10px; color:#ffffff;' class='av-special-heading av-special-heading-h1 custom-color-heading blockquote modern-quote  avia-builder-el-2  avia-builder-el-no-sibling  '><h1 class='av-special-heading-tag '  itemprop=\"headline\"  >Refuerzo escolar<\/h1><div class ='av-subheading av-subheading_below av_custom_color ' style='font-size:15px;'><p>Primaria &#8211; ESO &#8211; Bachillerato<\/p>\n<\/div><div class='special-heading-border'><div class='special-heading-inner-border' style='border-color:#ffffff'><\/div><\/div><\/div><\/div>\n<\/div><\/div><\/main><!-- close content main element --><\/div><\/div><\/div><div id='after_section_1' class='main_color av_default_container_wrap container_wrap fullsize' style=' '  ><div class='container' ><div class='template-page content  av-content-full alpha units'><div class='post-entry post-entry-type-page post-entry-1037'><div class='entry-content-wrapper clearfix'>\n<div class=\"flex_column av_one_full  flex_column_div av-zero-column-padding first  avia-builder-el-3  el_after_av_section  el_before_av_one_third  avia-builder-el-first  \" style='border-radius:0px; '><p><div class='avia-button-wrap avia-button-center  avia-builder-el-4  el_before_av_textblock  avia-builder-el-first '><a href='https:\/\/arbserveiseducatius.com\/es\/formulario-de-inscripcion-refuerzo-escolar\/'  class='avia-button   avia-icon_select-no avia-color-custom avia-size-x-large avia-position-center '  style='background-color:#084a79; border-color:#084a79; color:#ffffff; ' ><span class='avia_iconbox_title' >INSCR\u00cdBETE<\/span><\/a><\/div><br \/>\n<section class=\"av_textblock_section \"  itemscope=\"itemscope\" itemtype=\"https:\/\/schema.org\/CreativeWork\" ><div class='avia_textblock  '   itemprop=\"text\" ><p>Una tarea importante de <strong>ARB Centre d&#8217;estudis<\/strong> ha sido y es el seguimiento del proceso de aprendizaje did\u00e1ctico de nuestros\/as alumnos\/as mediante: <strong>El refuerzo escolar<\/strong>, las <strong>t\u00e9cnicas de estudio<\/strong>, as\u00ed como,<strong> la orientaci\u00f3n<\/strong> en los momentos claves en la vida del estudiante.<\/p>\n<\/div><\/section><br \/>\n<div class='avia-icon-list-container   avia-builder-el-6  el_after_av_textblock  el_before_av_textblock '><ul class='avia-icon-list avia-icon-list-left av-iconlist-big avia_animate_when_almost_visible avia-iconlist-animate'>\n<li><div  style='background-color:#084a79; ' class='iconlist_icon  avia-font-entypo-fontello'><span class='iconlist-char ' aria-hidden='true' data-av_icon='\ue812' data-av_iconfont='entypo-fontello'><\/span><\/div><article class=\"article-icon-entry av-iconlist-empty\"  itemscope=\"itemscope\" itemtype=\"https:\/\/schema.org\/CreativeWork\" ><div class='iconlist_content_wrap'><header class=\"entry-content-header\"><h4 class='av_iconlist_title iconlist_title  '  itemprop=\"headline\"  >Reforzamos TODAS las asignaturas necesarias.<\/h4><\/header><div class='iconlist_content  '  itemprop=\"text\"  ><\/div><\/div><footer class=\"entry-footer\"><\/footer><\/article><div class='iconlist-timeline'><\/div><\/li>\n<li><div  style='background-color:#084a79; ' class='iconlist_icon  avia-font-entypo-fontello'><span class='iconlist-char ' aria-hidden='true' data-av_icon='\ue812' data-av_iconfont='entypo-fontello'><\/span><\/div><article class=\"article-icon-entry av-iconlist-empty\"  itemscope=\"itemscope\" itemtype=\"https:\/\/schema.org\/CreativeWork\" ><div class='iconlist_content_wrap'><header class=\"entry-content-header\"><h4 class='av_iconlist_title iconlist_title  '  itemprop=\"headline\"  >Para los alumnos\/as que tienen asignaturas pendientes o dificultades para superar su curso escolar.<\/h4><\/header><div class='iconlist_content  '  itemprop=\"text\"  ><\/div><\/div><footer class=\"entry-footer\"><\/footer><\/article><div class='iconlist-timeline'><\/div><\/li>\n<li><div  style='background-color:#084a79; ' class='iconlist_icon  avia-font-entypo-fontello'><span class='iconlist-char ' aria-hidden='true' data-av_icon='\ue812' data-av_iconfont='entypo-fontello'><\/span><\/div><article class=\"article-icon-entry av-iconlist-empty\"  itemscope=\"itemscope\" itemtype=\"https:\/\/schema.org\/CreativeWork\" ><div class='iconlist_content_wrap'><header class=\"entry-content-header\"><h4 class='av_iconlist_title iconlist_title  '  itemprop=\"headline\"  >Trabajamos en grupos reducidos de un m\u00e1ximo de 4 alumnos\/as.<\/h4><\/header><div class='iconlist_content  '  itemprop=\"text\"  ><\/div><\/div><footer class=\"entry-footer\"><\/footer><\/article><div class='iconlist-timeline'><\/div><\/li>\n<li><div  style='background-color:#084a79; ' class='iconlist_icon  avia-font-entypo-fontello'><span class='iconlist-char ' aria-hidden='true' data-av_icon='\ue812' data-av_iconfont='entypo-fontello'><\/span><\/div><article class=\"article-icon-entry av-iconlist-empty\"  itemscope=\"itemscope\" itemtype=\"https:\/\/schema.org\/CreativeWork\" ><div class='iconlist_content_wrap'><header class=\"entry-content-header\"><h4 class='av_iconlist_title iconlist_title  '  itemprop=\"headline\"  >Trabajo cooperativo con el \/ la tutor \/ tutora de la escuela o instituto para tener un buen seguimiento de los alumnos y alumnas.<\/h4><\/header><div class='iconlist_content  '  itemprop=\"text\"  ><\/div><\/div><footer class=\"entry-footer\"><\/footer><\/article><div class='iconlist-timeline'><\/div><\/li>\n<\/ul><\/div><br \/>\n<section class=\"av_textblock_section \"  itemscope=\"itemscope\" itemtype=\"https:\/\/schema.org\/CreativeWork\" ><div class='avia_textblock  '   itemprop=\"text\" ><p>Todas las clases de Refuerzo Escolar se controlan con la Aplicaci\u00f3n <a href=\"https:\/\/panel.timp.pro\/\" target=\"_blank\" rel=\"noopener noreferrer\"><img decoding=\"async\" src=\"https:\/\/arbserveiseducatius.com\/wp-content\/uploads\/2020\/06\/Logo-TIMP-ajustado.png\" width=\"50px\" \/><\/a>, lo que permite a los alumnos y alumnas poder <strong>MODIFICAR o CANCELAR<\/strong> su horario en funci\u00f3n de sus necesidades, evitando as\u00ed perder clases.<\/p>\n<\/div><\/section><\/p><\/div><div class=\"flex_column av_one_third  flex_column_div av-zero-column-padding first  avia-builder-el-8  el_after_av_one_full  el_before_av_one_third  column-top-margin\" style='border-radius:0px; '><section class=\"av_textblock_section \"  itemscope=\"itemscope\" itemtype=\"https:\/\/schema.org\/CreativeWork\" ><div class='avia_textblock  '   itemprop=\"text\" ><p><strong>Primaria<\/strong><\/p>\n<p style=\"text-align:justify\">Ayudamos con tareas diarias y organizaci\u00f3n semanal de la agenda y preparaci\u00f3n de controles.<\/p>\n<p><strong>MATERIAS<\/strong>: CATAL\u00c1N, CASTELLANO, INGL\u00c9S, MATEM\u00c1TICAS y MEDIO.<\/p>\n<\/div><\/section><\/div><\/p>\n<div class=\"flex_column av_one_third  flex_column_div av-zero-column-padding   avia-builder-el-10  el_after_av_one_third  el_before_av_one_third  column-top-margin\" style='border-radius:0px; '><section class=\"av_textblock_section \"  itemscope=\"itemscope\" itemtype=\"https:\/\/schema.org\/CreativeWork\" ><div class='avia_textblock  '   itemprop=\"text\" ><p><strong>ESO<\/strong><\/p>\n<p style=\"text-align:justify\">Preparamos todas asignaturas con dificultades, t\u00e9cnicas de estudio, organizaci\u00f3n tareas semanales, controles, orientaci\u00f3n al alumno o alumna.<\/p>\n<p><strong>MATERIAS<\/strong>: CATAL\u00c1N, CASTELLANO, INGL\u00c9S, MATEM\u00c1TICAS, NATURALES, SOCIALES, TECNOLOG\u00cdA, F\u00cdSICA Y QU\u00cdMICA y BIOLOG\u00cdA.<\/p>\n<\/div><\/section><\/div>\n<div class=\"flex_column av_one_third  flex_column_div av-zero-column-padding   avia-builder-el-12  el_after_av_one_third  avia-builder-el-last  column-top-margin\" style='border-radius:0px; '><section class=\"av_textblock_section \"  itemscope=\"itemscope\" itemtype=\"https:\/\/schema.org\/CreativeWork\" ><div class='avia_textblock  '   itemprop=\"text\" ><p><strong>Bachillerato<\/strong><\/p>\n<p style=\"text-align:justify\">Preparamos todas las asignaturas con dificultades de cada especialidad, t\u00e9cnicas de estudio, organizaci\u00f3n semanal, controles, orientaci\u00f3n al alumno o alumna. Formamos para la SELECTIVIDAD.<\/p>\n<p><strong>MATERIAS<\/strong>: MATEM\u00c1TICAS, MATEM\u00c1TICAS APLICADAS, INGL\u00c9S, CATAL\u00c1N, CASTELLANO F\u00cdSICA Y QU\u00cdMICA.<\/p>\n<\/div><\/section><\/div>\n","protected":false},"excerpt":{"rendered":"","protected":false},"author":6,"featured_media":0,"parent":0,"menu_order":0,"comment_status":"closed","ping_status":"closed","template":"","meta":{"_seopress_robots_primary_cat":"","_seopress_titles_title":"","_seopress_titles_desc":"","_seopress_robots_index":"","footnotes":""},"class_list":["post-1037","page","type-page","status-publish","hentry"],"_links":{"self":[{"href":"https:\/\/arbserveiseducatius.com\/es\/wp-json\/wp\/v2\/pages\/1037","targetHints":{"allow":["GET"]}}],"collection":[{"href":"https:\/\/arbserveiseducatius.com\/es\/wp-json\/wp\/v2\/pages"}],"about":[{"href":"https:\/\/arbserveiseducatius.com\/es\/wp-json\/wp\/v2\/types\/page"}],"author":[{"embeddable":true,"href":"https:\/\/arbserveiseducatius.com\/es\/wp-json\/wp\/v2\/users\/6"}],"replies":[{"embeddable":true,"href":"https:\/\/arbserveiseducatius.com\/es\/wp-json\/wp\/v2\/comments?post=1037"}],"version-history":[{"count":2,"href":"https:\/\/arbserveiseducatius.com\/es\/wp-json\/wp\/v2\/pages\/1037\/revisions"}],"predecessor-version":[{"id":1166,"href":"https:\/\/arbserveiseducatius.com\/es\/wp-json\/wp\/v2\/pages\/1037\/revisions\/1166"}],"wp:attachment":[{"href":"https:\/\/arbserveiseducatius.com\/es\/wp-json\/wp\/v2\/media?parent=1037"}],"curies":[{"name":"wp","href":"https:\/\/api.w.org\/{rel}","templated":true}]}}