{"id":1021,"date":"2020-05-20T17:55:28","date_gmt":"2020-05-20T15:55:28","guid":{"rendered":"http:\/\/www.arbserveiseducatius.com\/nuevaweb\/?page_id=1021\/"},"modified":"2020-06-01T16:52:16","modified_gmt":"2020-06-01T14:52:16","slug":"quienes-somos","status":"publish","type":"page","link":"https:\/\/arbserveiseducatius.com\/es\/quienes-somos\/","title":{"rendered":"\u00bfQui\u00e9nes somos?"},"content":{"rendered":"<div id='av_section_1' class='avia-section main_color avia-section-no-padding avia-no-border-styling avia-full-stretch av-section-color-overlay-active avia-bg-style-scroll  avia-builder-el-0  el_before_av_one_full  avia-builder-el-first   av-minimum-height av-minimum-height-25 container_wrap fullsize' style='background-repeat: no-repeat; background-image: url(https:\/\/arbserveiseducatius.com\/wp-content\/uploads\/2020\/05\/class-1.jpg);background-attachment: scroll; background-position: center center;  '  data-section-bg-repeat='stretch'><div class='av-section-color-overlay-wrap'><div class='av-section-color-overlay' style='opacity: 0.6; background-color: #084a79; '><\/div><div class='container' ><main  role=\"main\" itemprop=\"mainContentOfPage\"  class='template-page content  av-content-full alpha units'><div class='post-entry post-entry-type-page post-entry-1021'><div class='entry-content-wrapper clearfix'>\n<div class=\"flex_column av_one_full  av-animated-generic left-to-right  flex_column_div av-zero-column-padding first  avia-builder-el-1  avia-builder-el-no-sibling  \" style='margin-top:0px; margin-bottom:0px; border-radius:0px; '><div style='padding-bottom:10px; color:#ffffff;' class='av-special-heading av-special-heading-h1 custom-color-heading blockquote modern-quote  avia-builder-el-2  avia-builder-el-no-sibling  '><h1 class='av-special-heading-tag '  itemprop=\"headline\"  >\u00bfQui\u00e9nes somos?<\/h1><div class='special-heading-border'><div class='special-heading-inner-border' style='border-color:#ffffff'><\/div><\/div><\/div><\/div>\n<\/div><\/div><\/main><!-- close content main element --><\/div><\/div><\/div><div id='after_section_1' class='main_color av_default_container_wrap container_wrap fullsize' style=' '  ><div class='container' ><div class='template-page content  av-content-full alpha units'><div class='post-entry post-entry-type-page post-entry-1021'><div class='entry-content-wrapper clearfix'>\n<div class=\"flex_column av_one_full  flex_column_div av-zero-column-padding first  avia-builder-el-3  el_after_av_section  el_before_av_one_third  avia-builder-el-first  \" style='border-radius:0px; '><section class=\"av_textblock_section \"  itemscope=\"itemscope\" itemtype=\"https:\/\/schema.org\/CreativeWork\" ><div class='avia_textblock  '   itemprop=\"text\" ><p>ARB Centre d&#8217;estudis somos un equipo de profesionales especializados en diferentes ramas de la ense\u00f1anza donde tenemos como principal objetivo acompa\u00f1ar, facilitar el camino del aprendizaje a todos nuestros\/as alumnos\/as.<\/p>\n<p>Desde su fundaci\u00f3n, en 2002, siempre hemos seguido luchando con mucho esfuerzo por un \u00fanico objetivo: el \u00e9xito de todos nuestros\/as alumnos\/as. Trabajamos con una metodolog\u00eda integradora, donde adem\u00e1s de dar el apoyo escolar que necesitan, es muy importante transmitir las estrategias para que ellos\/as organicen su propio trabajo, planificaciones y proceso de estudio.<\/p>\n<blockquote>\n<p><b>Educar la mente sin educar el coraz\u00f3n no es educaci\u00f3n en absoluto<\/b><\/p>\n<p><em><b>Arist\u00f3teles<\/b><\/em><\/p>\n<\/blockquote>\n<\/div><\/section><\/div>\n<div class=\"flex_column av_one_third  flex_column_div av-zero-column-padding first  avia-builder-el-5  el_after_av_one_full  el_before_av_one_third  column-top-margin\" style='border-radius:0px; '><section class=\"av_textblock_section \"  itemscope=\"itemscope\" itemtype=\"https:\/\/schema.org\/CreativeWork\" ><div class='avia_textblock  '   itemprop=\"text\" ><p><strong>Atenci\u00f3n personalizada<\/strong><\/p>\n<p>En nuestro centro lo m\u00e1s importante son los alumnos y alumnas por eso es importante tratar de forma individualizada cada situaci\u00f3n, para que el aprendizaje sea significativo.<\/p>\n<blockquote>\n<p><strong>La clave de la educaci\u00f3n no es ense\u00f1ar, es despertar! <\/strong><\/p>\n<p><strong><em>Ernest Renar<\/em><\/strong><\/p>\n<\/blockquote>\n<\/div><\/section><\/div><div class=\"flex_column av_one_third  flex_column_div av-zero-column-padding   avia-builder-el-7  el_after_av_one_third  el_before_av_one_third  column-top-margin\" style='border-radius:0px; '><section class=\"av_textblock_section \"  itemscope=\"itemscope\" itemtype=\"https:\/\/schema.org\/CreativeWork\" ><div class='avia_textblock  '   itemprop=\"text\" ><p><b>Soporte a las familias<\/b><\/p>\n<p>De forma trimestral ofrecemos a las familias reuniones para hacer un buen seguimiento del alumno o la alumna, comentar la evoluci\u00f3n y decidir las mejores directrices.<\/p>\n<\/div><\/section><\/div><\/p>\n<div class=\"flex_column av_one_third  flex_column_div av-zero-column-padding   avia-builder-el-9  el_after_av_one_third  avia-builder-el-last  column-top-margin\" style='border-radius:0px; '><section class=\"av_textblock_section \"  itemscope=\"itemscope\" itemtype=\"https:\/\/schema.org\/CreativeWork\" ><div class='avia_textblock  '   itemprop=\"text\" ><p><b>Motivaci\u00f3n<\/b><\/p>\n<p>Es lo m\u00e1s importante de todo, es la base, por lo que la trabajamos cada d\u00eda. Fijar objetivos, reconocer el esfuerzo, transmitir positividad, ilusi\u00f3n .. son claves fundamentales.<\/p>\n<blockquote>\n<p><strong>La ense\u00f1anza que deja huella no es la que se hace de cabeza a cabeza, sino de coraz\u00f3n a coraz\u00f3n. <\/strong><\/p>\n<p><em><strong>Howard G. Hendricks<\/strong><\/em><\/p>\n<\/blockquote>\n<\/div><\/section><\/div>\n","protected":false},"excerpt":{"rendered":"","protected":false},"author":6,"featured_media":0,"parent":0,"menu_order":0,"comment_status":"closed","ping_status":"closed","template":"","meta":{"_seopress_robots_primary_cat":"","_seopress_titles_title":"","_seopress_titles_desc":"","_seopress_robots_index":"","footnotes":""},"class_list":["post-1021","page","type-page","status-publish","hentry"],"_links":{"self":[{"href":"https:\/\/arbserveiseducatius.com\/es\/wp-json\/wp\/v2\/pages\/1021","targetHints":{"allow":["GET"]}}],"collection":[{"href":"https:\/\/arbserveiseducatius.com\/es\/wp-json\/wp\/v2\/pages"}],"about":[{"href":"https:\/\/arbserveiseducatius.com\/es\/wp-json\/wp\/v2\/types\/page"}],"author":[{"embeddable":true,"href":"https:\/\/arbserveiseducatius.com\/es\/wp-json\/wp\/v2\/users\/6"}],"replies":[{"embeddable":true,"href":"https:\/\/arbserveiseducatius.com\/es\/wp-json\/wp\/v2\/comments?post=1021"}],"version-history":[{"count":2,"href":"https:\/\/arbserveiseducatius.com\/es\/wp-json\/wp\/v2\/pages\/1021\/revisions"}],"predecessor-version":[{"id":1125,"href":"https:\/\/arbserveiseducatius.com\/es\/wp-json\/wp\/v2\/pages\/1021\/revisions\/1125"}],"wp:attachment":[{"href":"https:\/\/arbserveiseducatius.com\/es\/wp-json\/wp\/v2\/media?parent=1021"}],"curies":[{"name":"wp","href":"https:\/\/api.w.org\/{rel}","templated":true}]}}